{"id":2482,"date":"2021-10-14T11:22:35","date_gmt":"2021-10-14T15:22:35","guid":{"rendered":"https:\/\/shop.cmc-carrier.com\/product\/pergamino-vase-remove-isc-4-5-x-8-3\/"},"modified":"2025-12-01T13:22:04","modified_gmt":"2025-12-01T18:22:04","slug":"vase-pergamino-avec-insertion-amovible-115-x-206cm","status":"publish","type":"product","link":"https:\/\/shop.cmc-carrier.com\/fr\/produit\/vase-pergamino-avec-insertion-amovible-115-x-206cm\/","title":{"rendered":"Vase Pergamino avec insertion amovible (11,5 x 20,6cm)"},"content":{"rendered":"<p>Vase Pergamino avec insertion amovible (11,5 x 20,6cm)<\/p>\n","protected":false},"excerpt":{"rendered":"<p>Vase Pergamino avec insertion amovible (11,5 x 20,6cm)<\/p>\n<p style=\"color: red;\"><strong>Article en liquidation (discontinu\u00e9) &#8211; disponible en quantit\u00e9s limit\u00e9es<\/strong><\/p>\n","protected":false},"featured_media":4589,"comment_status":"closed","ping_status":"closed","template":"","meta":{"_acf_changed":false,"om_disable_all_campaigns":false,"wds_primary_product-colors":0,"wds_primary_product-type":0,"wds_primary_product-personalized-options":0,"wds_primary_product_brand":0,"wds_primary_product_cat":0},"product_brand":[],"product_cat":[2479],"product_tag":[],"class_list":{"0":"post-2482","1":"product","2":"type-product","3":"status-publish","4":"has-post-thumbnail","6":"product-colors-bronze-fr","7":"product_cat-liquidation","8":"pa_color-bronze-fr","9":"pa_height-in-8-3-fr","10":"pa_quantity-1-fr","11":"pa_sku-bj2570","12":"pa_type-2-crypte","13":"pa_width-in-4-5-fr","15":"first","16":"instock","17":"purchasable","18":"product-type-simple"},"acf":[],"_links":{"self":[{"href":"https:\/\/shop.cmc-carrier.com\/fr\/wp-json\/wp\/v2\/product\/2482","targetHints":{"allow":["GET"]}}],"collection":[{"href":"https:\/\/shop.cmc-carrier.com\/fr\/wp-json\/wp\/v2\/product"}],"about":[{"href":"https:\/\/shop.cmc-carrier.com\/fr\/wp-json\/wp\/v2\/types\/product"}],"replies":[{"embeddable":true,"href":"https:\/\/shop.cmc-carrier.com\/fr\/wp-json\/wp\/v2\/comments?post=2482"}],"wp:featuredmedia":[{"embeddable":true,"href":"https:\/\/shop.cmc-carrier.com\/fr\/wp-json\/wp\/v2\/media\/4589"}],"wp:attachment":[{"href":"https:\/\/shop.cmc-carrier.com\/fr\/wp-json\/wp\/v2\/media?parent=2482"}],"wp:term":[{"taxonomy":"product_brand","embeddable":true,"href":"https:\/\/shop.cmc-carrier.com\/fr\/wp-json\/wp\/v2\/product_brand?post=2482"},{"taxonomy":"product_cat","embeddable":true,"href":"https:\/\/shop.cmc-carrier.com\/fr\/wp-json\/wp\/v2\/product_cat?post=2482"},{"taxonomy":"product_tag","embeddable":true,"href":"https:\/\/shop.cmc-carrier.com\/fr\/wp-json\/wp\/v2\/product_tag?post=2482"}],"curies":[{"name":"wp","href":"https:\/\/api.w.org\/{rel}","templated":true}]}}