{"id":2486,"date":"2021-10-14T11:22:35","date_gmt":"2021-10-14T15:22:35","guid":{"rendered":"https:\/\/shop.cmc-carrier.com\/product\/venus-vase-remov-ins-4-3-x-7-7\/"},"modified":"2025-12-01T13:24:54","modified_gmt":"2025-12-01T18:24:54","slug":"vase-venus-avec-insertion-amovible-11-x-195cm","status":"publish","type":"product","link":"https:\/\/shop.cmc-carrier.com\/fr\/produit\/vase-venus-avec-insertion-amovible-11-x-195cm\/","title":{"rendered":"Vase Venus avec insertion amovible (11 x 19,5cm)"},"content":{"rendered":"<p>Vase Venus avec insertion amovible (11 x 19,5cm)<\/p>\n","protected":false},"excerpt":{"rendered":"<p>Vase Venus avec insertion amovible (11 x 19,5cm)<\/p>\n<p style=\"color: red;\"><strong>Article en liquidation (discontinu\u00e9) &#8211; disponible en quantit\u00e9s limit\u00e9es<\/strong><\/p>\n","protected":false},"featured_media":4593,"comment_status":"closed","ping_status":"closed","template":"","meta":{"_acf_changed":false,"om_disable_all_campaigns":false,"wds_primary_product-colors":0,"wds_primary_product-type":0,"wds_primary_product-personalized-options":0,"wds_primary_product_brand":0,"wds_primary_product_cat":0},"product_brand":[],"product_cat":[2479],"product_tag":[],"class_list":{"0":"post-2486","1":"product","2":"type-product","3":"status-publish","4":"has-post-thumbnail","6":"product-colors-bronze-fr","7":"product_cat-liquidation","8":"pa_color-bronze-fr","9":"pa_height-in-7-7-fr","10":"pa_quantity-1-fr","11":"pa_sku-bj2591","12":"pa_type-2-crypte","13":"pa_width-in-4-3-fr","15":"first","16":"instock","17":"purchasable","18":"product-type-simple"},"acf":[],"_links":{"self":[{"href":"https:\/\/shop.cmc-carrier.com\/fr\/wp-json\/wp\/v2\/product\/2486","targetHints":{"allow":["GET"]}}],"collection":[{"href":"https:\/\/shop.cmc-carrier.com\/fr\/wp-json\/wp\/v2\/product"}],"about":[{"href":"https:\/\/shop.cmc-carrier.com\/fr\/wp-json\/wp\/v2\/types\/product"}],"replies":[{"embeddable":true,"href":"https:\/\/shop.cmc-carrier.com\/fr\/wp-json\/wp\/v2\/comments?post=2486"}],"wp:featuredmedia":[{"embeddable":true,"href":"https:\/\/shop.cmc-carrier.com\/fr\/wp-json\/wp\/v2\/media\/4593"}],"wp:attachment":[{"href":"https:\/\/shop.cmc-carrier.com\/fr\/wp-json\/wp\/v2\/media?parent=2486"}],"wp:term":[{"taxonomy":"product_brand","embeddable":true,"href":"https:\/\/shop.cmc-carrier.com\/fr\/wp-json\/wp\/v2\/product_brand?post=2486"},{"taxonomy":"product_cat","embeddable":true,"href":"https:\/\/shop.cmc-carrier.com\/fr\/wp-json\/wp\/v2\/product_cat?post=2486"},{"taxonomy":"product_tag","embeddable":true,"href":"https:\/\/shop.cmc-carrier.com\/fr\/wp-json\/wp\/v2\/product_tag?post=2486"}],"curies":[{"name":"wp","href":"https:\/\/api.w.org\/{rel}","templated":true}]}}