{"id":2528,"date":"2021-10-14T11:18:59","date_gmt":"2021-10-14T15:18:59","guid":{"rendered":"https:\/\/shop.cmc-carrier.com\/product\/hand-with-branch-3-1-x-5-1\/"},"modified":"2025-12-01T14:11:11","modified_gmt":"2025-12-01T19:11:11","slug":"main-avec-tige-de-roses-8-x-13cm","status":"publish","type":"product","link":"https:\/\/shop.cmc-carrier.com\/fr\/produit\/main-avec-tige-de-roses-8-x-13cm\/","title":{"rendered":"Main avec tige de roses 8 x 13cm"},"content":{"rendered":"<p>Main avec tige de roses 8 x 13cm<\/p>\n","protected":false},"excerpt":{"rendered":"<p>Main avec tige de roses 8 x 13cm<\/p>\n<p style=\"color: red;\"><strong>Article en liquidation (discontinu\u00e9) &#8211; disponible en quantit\u00e9s limit\u00e9es<\/strong><\/p>\n","protected":false},"featured_media":4557,"comment_status":"closed","ping_status":"closed","template":"","meta":{"_acf_changed":false,"om_disable_all_campaigns":false,"wds_primary_product-colors":0,"wds_primary_product-type":0,"wds_primary_product-personalized-options":0,"wds_primary_product_brand":0,"wds_primary_product_cat":0},"product_brand":[],"product_cat":[2479],"product_tag":[],"class_list":{"0":"post-2528","1":"product","2":"type-product","3":"status-publish","4":"has-post-thumbnail","6":"product-colors-bronze-fr","7":"product_cat-liquidation","8":"pa_color-bronze-fr","9":"pa_height-in-5-1-fr","10":"pa_quantity-1-fr","11":"pa_sku-bj1986","12":"pa_type-2-crypte","13":"pa_width-in-3-1-fr","15":"first","16":"instock","17":"purchasable","18":"product-type-simple"},"acf":[],"_links":{"self":[{"href":"https:\/\/shop.cmc-carrier.com\/fr\/wp-json\/wp\/v2\/product\/2528","targetHints":{"allow":["GET"]}}],"collection":[{"href":"https:\/\/shop.cmc-carrier.com\/fr\/wp-json\/wp\/v2\/product"}],"about":[{"href":"https:\/\/shop.cmc-carrier.com\/fr\/wp-json\/wp\/v2\/types\/product"}],"replies":[{"embeddable":true,"href":"https:\/\/shop.cmc-carrier.com\/fr\/wp-json\/wp\/v2\/comments?post=2528"}],"wp:featuredmedia":[{"embeddable":true,"href":"https:\/\/shop.cmc-carrier.com\/fr\/wp-json\/wp\/v2\/media\/4557"}],"wp:attachment":[{"href":"https:\/\/shop.cmc-carrier.com\/fr\/wp-json\/wp\/v2\/media?parent=2528"}],"wp:term":[{"taxonomy":"product_brand","embeddable":true,"href":"https:\/\/shop.cmc-carrier.com\/fr\/wp-json\/wp\/v2\/product_brand?post=2528"},{"taxonomy":"product_cat","embeddable":true,"href":"https:\/\/shop.cmc-carrier.com\/fr\/wp-json\/wp\/v2\/product_cat?post=2528"},{"taxonomy":"product_tag","embeddable":true,"href":"https:\/\/shop.cmc-carrier.com\/fr\/wp-json\/wp\/v2\/product_tag?post=2528"}],"curies":[{"name":"wp","href":"https:\/\/api.w.org\/{rel}","templated":true}]}}