{"id":2556,"date":"2021-10-14T11:15:54","date_gmt":"2021-10-14T15:15:54","guid":{"rendered":"https:\/\/shop.cmc-carrier.com\/product\/dove-facing-right-only-3-5-x-3-5\/"},"modified":"2025-12-02T09:53:46","modified_gmt":"2025-12-02T14:53:46","slug":"colombe-orientee-vers-la-droite-9-x-9cm","status":"publish","type":"product","link":"https:\/\/shop.cmc-carrier.com\/fr\/produit\/colombe-orientee-vers-la-droite-9-x-9cm\/","title":{"rendered":"Colombe orient\u00e9e vers la droite (9 x 9cm)"},"content":{"rendered":"<p>Colombe orient\u00e9e vers la droite (9 x 9cm)<\/p>\n","protected":false},"excerpt":{"rendered":"<p>Colombe orient\u00e9e vers la droite (9 x 9cm)<\/p>\n<p style=\"color: red;\"><strong>Article en liquidation (discontinu\u00e9) &#8211; disponible en quantit\u00e9s limit\u00e9es<\/strong><\/p>\n","protected":false},"featured_media":4510,"comment_status":"closed","ping_status":"closed","template":"","meta":{"_acf_changed":false,"om_disable_all_campaigns":false,"wds_primary_product-colors":0,"wds_primary_product-type":0,"wds_primary_product-personalized-options":0,"wds_primary_product_brand":0,"wds_primary_product_cat":0},"product_brand":[],"product_cat":[2479],"product_tag":[],"class_list":{"0":"post-2556","1":"product","2":"type-product","3":"status-publish","4":"has-post-thumbnail","6":"product-colors-bronze-fr","7":"product_cat-liquidation","8":"pa_color-bronze-fr","9":"pa_height-in-3-5-fr","10":"pa_quantity-1-fr","11":"pa_sku-bj2048ir","12":"pa_type-2-crypte","13":"pa_width-in-3-5-fr","15":"first","16":"instock","17":"purchasable","18":"product-type-simple"},"acf":[],"_links":{"self":[{"href":"https:\/\/shop.cmc-carrier.com\/fr\/wp-json\/wp\/v2\/product\/2556","targetHints":{"allow":["GET"]}}],"collection":[{"href":"https:\/\/shop.cmc-carrier.com\/fr\/wp-json\/wp\/v2\/product"}],"about":[{"href":"https:\/\/shop.cmc-carrier.com\/fr\/wp-json\/wp\/v2\/types\/product"}],"replies":[{"embeddable":true,"href":"https:\/\/shop.cmc-carrier.com\/fr\/wp-json\/wp\/v2\/comments?post=2556"}],"wp:featuredmedia":[{"embeddable":true,"href":"https:\/\/shop.cmc-carrier.com\/fr\/wp-json\/wp\/v2\/media\/4510"}],"wp:attachment":[{"href":"https:\/\/shop.cmc-carrier.com\/fr\/wp-json\/wp\/v2\/media?parent=2556"}],"wp:term":[{"taxonomy":"product_brand","embeddable":true,"href":"https:\/\/shop.cmc-carrier.com\/fr\/wp-json\/wp\/v2\/product_brand?post=2556"},{"taxonomy":"product_cat","embeddable":true,"href":"https:\/\/shop.cmc-carrier.com\/fr\/wp-json\/wp\/v2\/product_cat?post=2556"},{"taxonomy":"product_tag","embeddable":true,"href":"https:\/\/shop.cmc-carrier.com\/fr\/wp-json\/wp\/v2\/product_tag?post=2556"}],"curies":[{"name":"wp","href":"https:\/\/api.w.org\/{rel}","templated":true}]}}