{"id":2562,"date":"2021-10-14T11:15:50","date_gmt":"2021-10-14T15:15:50","guid":{"rendered":"https:\/\/shop.cmc-carrier.com\/product\/piety-6-5-x-8-5\/"},"modified":"2023-06-07T10:30:54","modified_gmt":"2023-06-07T14:30:54","slug":"piete-165-x-21cm","status":"publish","type":"product","link":"https:\/\/shop.cmc-carrier.com\/fr\/produit\/piete-165-x-21cm\/","title":{"rendered":"Pi\u00e9t\u00e9 16,5 x 21cm"},"content":{"rendered":"<p>Pi\u00e9t\u00e9 16,5 x 21cm<\/p>\n","protected":false},"excerpt":{"rendered":"<p>Pi\u00e9t\u00e9 16,5 x 21cm<\/p>\n","protected":false},"featured_media":4500,"comment_status":"closed","ping_status":"closed","template":"","meta":{"_acf_changed":false,"om_disable_all_campaigns":false,"wds_primary_product-colors":0,"wds_primary_product-type":0,"wds_primary_product-personalized-options":0,"wds_primary_product_brand":0,"wds_primary_product_cat":0},"product_brand":[],"product_cat":[1622,1654,1655],"product_tag":[],"class_list":{"0":"post-2562","1":"product","2":"type-product","3":"status-publish","4":"has-post-thumbnail","6":"product-colors-bronze-fr","7":"product_cat-bronze-for-crypts-fr","8":"product_cat-emblems-bronze-for-crypts-fr","9":"product_cat-religious-2-fr","10":"pa_color-bronze-fr","11":"pa_height-in-8-5-fr","12":"pa_quantity-1-fr","13":"pa_sku-bj3041r-fr","14":"pa_type-2-crypte","15":"pa_width-in-6-5-fr","17":"first","18":"instock","19":"purchasable","20":"product-type-simple"},"acf":[],"_links":{"self":[{"href":"https:\/\/shop.cmc-carrier.com\/fr\/wp-json\/wp\/v2\/product\/2562","targetHints":{"allow":["GET"]}}],"collection":[{"href":"https:\/\/shop.cmc-carrier.com\/fr\/wp-json\/wp\/v2\/product"}],"about":[{"href":"https:\/\/shop.cmc-carrier.com\/fr\/wp-json\/wp\/v2\/types\/product"}],"replies":[{"embeddable":true,"href":"https:\/\/shop.cmc-carrier.com\/fr\/wp-json\/wp\/v2\/comments?post=2562"}],"wp:featuredmedia":[{"embeddable":true,"href":"https:\/\/shop.cmc-carrier.com\/fr\/wp-json\/wp\/v2\/media\/4500"}],"wp:attachment":[{"href":"https:\/\/shop.cmc-carrier.com\/fr\/wp-json\/wp\/v2\/media?parent=2562"}],"wp:term":[{"taxonomy":"product_brand","embeddable":true,"href":"https:\/\/shop.cmc-carrier.com\/fr\/wp-json\/wp\/v2\/product_brand?post=2562"},{"taxonomy":"product_cat","embeddable":true,"href":"https:\/\/shop.cmc-carrier.com\/fr\/wp-json\/wp\/v2\/product_cat?post=2562"},{"taxonomy":"product_tag","embeddable":true,"href":"https:\/\/shop.cmc-carrier.com\/fr\/wp-json\/wp\/v2\/product_tag?post=2562"}],"curies":[{"name":"wp","href":"https:\/\/api.w.org\/{rel}","templated":true}]}}